{"id":26697,"date":"2022-02-16T22:45:27","date_gmt":"2022-02-16T22:45:27","guid":{"rendered":"https:\/\/www.chi-x-re.com\/blog"},"modified":"2023-06-27T13:12:08","modified_gmt":"2023-06-27T13:12:08","slug":"blog","status":"publish","type":"page","link":"https:\/\/www.chi-x-re.com\/fr\/blog\/","title":{"rendered":"Blog"},"content":{"rendered":"<p>[et_pb_section fb_built=\u00a0\u00bb1&Prime; fullwidth=\u00a0\u00bbon\u00a0\u00bb admin_label=\u00a0\u00bbSection\u00a0\u00bb _builder_version=\u00a0\u00bb4.15&Prime; _module_preset=\u00a0\u00bbdefault\u00a0\u00bb custom_margin=\u00a0\u00bb||||false|false\u00a0\u00bb custom_padding=\u00a0\u00bb100px||||false|false\u00a0\u00bb locked=\u00a0\u00bboff\u00a0\u00bb global_colors_info=\u00a0\u00bb{}\u00a0\u00bb][et_pb_fullwidth_slider use_bg_overlay=\u00a0\u00bboff\u00a0\u00bb use_text_overlay=\u00a0\u00bbon\u00a0\u00bb _builder_version=\u00a0\u00bb4.14.8&Prime; _module_preset=\u00a0\u00bbdefault\u00a0\u00bb header_font=\u00a0\u00bbCantata One||||||||\u00a0\u00bb header_text_color=\u00a0\u00bb#000000&Prime; header_font_size=\u00a0\u00bb50px\u00a0\u00bb header_line_height=\u00a0\u00bb1.4em\u00a0\u00bb body_text_color=\u00a0\u00bb#000000&Prime; use_background_color_gradient=\u00a0\u00bbon\u00a0\u00bb background_color_gradient_start=\u00a0\u00bbrgba(30,129,216,0)\u00a0\u00bb background_color_gradient_end=\u00a0\u00bb#ffffff\u00a0\u00bb background_color_gradient_overlays_image=\u00a0\u00bbon\u00a0\u00bb custom_button=\u00a0\u00bbon\u00a0\u00bb button_text_size=\u00a0\u00bb13px\u00a0\u00bb button_text_color=\u00a0\u00bb#FFFFFF\u00a0\u00bb button_bg_color=\u00a0\u00bb#32B6A2&Prime; button_border_width=\u00a0\u00bb0px\u00a0\u00bb button_border_radius=\u00a0\u00bb10px\u00a0\u00bb button_font=\u00a0\u00bb|||on|||||\u00a0\u00bb button_use_icon=\u00a0\u00bboff\u00a0\u00bb button_custom_padding=\u00a0\u00bb10px|25px|10px|25px|false|false\u00a0\u00bb content_width=\u00a0\u00bb100%\u00a0\u00bb content_max_width=\u00a0\u00bb100%\u00a0\u00bb custom_padding=\u00a0\u00bb75px|25%|100px|25%|false|false\u00a0\u00bb custom_padding_tablet=\u00a0\u00bb|5%||5%|false|false\u00a0\u00bb custom_padding_phone=\u00a0\u00bb|1%||1%|false|false\u00a0\u00bb custom_padding_last_edited=\u00a0\u00bbon|phone\u00a0\u00bb auto=\u00a0\u00bbon\u00a0\u00bb auto_speed=\u00a0\u00bb3000&Prime; auto_ignore_hover=\u00a0\u00bbon\u00a0\u00bb header_font_size_tablet=\u00a0\u00bb45px\u00a0\u00bb header_font_size_phone=\u00a0\u00bb30px\u00a0\u00bb header_font_size_last_edited=\u00a0\u00bbon|phone\u00a0\u00bb header_text_shadow_style=\u00a0\u00bbpreset1&Prime; header_text_shadow_blur_strength=\u00a0\u00bb0em\u00a0\u00bb header_text_shadow_color=\u00a0\u00bbRGBA(255,255,255,0)\u00a0\u00bb body_text_shadow_style=\u00a0\u00bbpreset2&Prime; body_text_shadow_horizontal_length=\u00a0\u00bb0em\u00a0\u00bb body_text_shadow_vertical_length=\u00a0\u00bb0em\u00a0\u00bb body_text_shadow_blur_strength=\u00a0\u00bb0em\u00a0\u00bb global_colors_info=\u00a0\u00bb{}\u00a0\u00bb button_bg_color__hover_enabled=\u00a0\u00bbon|desktop\u00a0\u00bb button_bg_color_gradient_end__hover=\u00a0\u00bb#119988&Prime; button_bg_use_color_gradient__hover=\u00a0\u00bbon\u00a0\u00bb button_bg_color_gradient_start__hover=\u00a0\u00bb#32b6a2&Prime; button_bg_color__hover=\u00a0\u00bb#119988&Prime; button_bg_enable_color__hover=\u00a0\u00bbon\u00a0\u00bb][et_pb_slide heading=\u00a0\u00bbBlogue et actualit\u00e9s\u00a0\u00bb button_text=\u00a0\u00bbNotre blog\u00a0\u00bb button_link=\u00a0\u00bb#blog\u00a0\u00bb use_text_overlay=\u00a0\u00bbon\u00a0\u00bb text_overlay_color=\u00a0\u00bbrgba(255,255,255,0.7)\u00a0\u00bb text_border_radius=\u00a0\u00bb15px\u00a0\u00bb _builder_version=\u00a0\u00bb4.15&Prime; _module_preset=\u00a0\u00bbdefault\u00a0\u00bb header_font=\u00a0\u00bb||||||||\u00a0\u00bb background_color=\u00a0\u00bb#FCFDFF\u00a0\u00bb background_enable_color=\u00a0\u00bbon\u00a0\u00bb background_image=\u00a0\u00bbhttps:\/\/www.chi-x-re.com\/wp-content\/uploads\/2022\/02\/Chi-X-Re-Corporate-Photo.jpg\u00a0\u00bb background_enable_image=\u00a0\u00bbon\u00a0\u00bb width=\u00a0\u00bb100%\u00a0\u00bb max_width=\u00a0\u00bb100%\u00a0\u00bb child_filter_hue_rotate=\u00a0\u00bb335deg\u00a0\u00bb global_colors_info=\u00a0\u00bb{}\u00a0\u00bb sticky_transition=\u00a0\u00bbon\u00a0\u00bb]<\/p>\n<p>Nous partageons de temps \u00e0 autre notre contenu, nos vid\u00e9os et nos articles, ainsi que les blogs et le contenu de certains de nos partenaires sur divers sujets li\u00e9s aux risques et \u00e0 la gestion des risques.<br \/>Voir ci-dessous pour en savoir plus.<\/p>\n<p>&nbsp;<\/p>\n<p>[\/et_pb_slide][\/et_pb_fullwidth_slider][\/et_pb_section][et_pb_section fb_built=\u00a0\u00bb1&Prime; admin_label=\u00a0\u00bbBlog\u00a0\u00bb module_id=\u00a0\u00bbblog\u00a0\u00bb _builder_version=\u00a0\u00bb4.15&Prime; locked=\u00a0\u00bboff\u00a0\u00bb global_colors_info=\u00a0\u00bb{}\u00a0\u00bb][et_pb_row _builder_version=\u00a0\u00bb4.15&Prime; global_colors_info=\u00a0\u00bb{}\u00a0\u00bb][et_pb_column type=\u00a0\u00bb4_4&Prime; _builder_version=\u00a0\u00bb4.15&Prime; global_colors_info=\u00a0\u00bb{}\u00a0\u00bb][et_pb_blog fullwidth=\u00a0\u00bboff\u00a0\u00bb posts_number=\u00a0\u00bb6&Prime; show_author=\u00a0\u00bboff\u00a0\u00bb show_date=\u00a0\u00bboff\u00a0\u00bb _builder_version=\u00a0\u00bb4.15&Prime; header_font=\u00a0\u00bbPT Sans|700|||||||\u00a0\u00bb header_text_color=\u00a0\u00bb#2a3749&Prime; header_font_size=\u00a0\u00bb16px\u00a0\u00bb header_line_height=\u00a0\u00bb1.3em\u00a0\u00bb body_font=\u00a0\u00bbPT Sans||||||||\u00a0\u00bb body_font_size=\u00a0\u00bb15px\u00a0\u00bb body_line_height=\u00a0\u00bb1.8em\u00a0\u00bb meta_font=\u00a0\u00bbPT Sans|700|||||||\u00a0\u00bb meta_text_color=\u00a0\u00bb#119988&Prime; meta_font_size=\u00a0\u00bb13px\u00a0\u00bb pagination_font=\u00a0\u00bbPT Sans|700|||||||\u00a0\u00bb pagination_text_color=\u00a0\u00bb#007aff\u00a0\u00bb pagination_font_size=\u00a0\u00bb24px\u00a0\u00bb pagination_line_height=\u00a0\u00bb1.8em\u00a0\u00bb border_radii=\u00a0\u00bbon|10px|10px|10px|10px\u00a0\u00bb border_width_all=\u00a0\u00bb0px\u00a0\u00bb box_shadow_style=\u00a0\u00bbpreset1&Prime; box_shadow_color=\u00a0\u00bbrgba(12,113,195,0.13)\u00a0\u00bb locked=\u00a0\u00bboff\u00a0\u00bb global_colors_info=\u00a0\u00bb{}\u00a0\u00bb][\/et_pb_blog][\/et_pb_column][\/et_pb_row][\/et_pb_section][et_pb_section fb_built=\u00a0\u00bb1&Prime; admin_label=\u00a0\u00bbFooter\u00a0\u00bb _builder_version=\u00a0\u00bb4.15&Prime; background_enable_color=\u00a0\u00bboff\u00a0\u00bb custom_padding=\u00a0\u00bb||0px|||\u00a0\u00bb locked=\u00a0\u00bboff\u00a0\u00bb global_colors_info=\u00a0\u00bb{}\u00a0\u00bb][et_pb_row column_structure=\u00a0\u00bb2_3,1_3&Prime; _builder_version=\u00a0\u00bb4.15&Prime; global_colors_info=\u00a0\u00bb{}\u00a0\u00bb][et_pb_column type=\u00a0\u00bb2_3&Prime; _builder_version=\u00a0\u00bb4.15&Prime; custom_padding=\u00a0\u00bb|||\u00a0\u00bb global_colors_info=\u00a0\u00bb{}\u00a0\u00bb custom_padding__hover=\u00a0\u00bb|||\u00a0\u00bb][et_pb_text _builder_version=\u00a0\u00bb4.15&Prime; text_font=\u00a0\u00bbOpen Sans||||||||\u00a0\u00bb text_text_color=\u00a0\u00bb#FFFFFF\u00a0\u00bb text_line_height=\u00a0\u00bb2em\u00a0\u00bb header_font=\u00a0\u00bb||||||||\u00a0\u00bb header_2_font=\u00a0\u00bbCantata One||||||||\u00a0\u00bb header_2_font_size=\u00a0\u00bb40px\u00a0\u00bb header_2_line_height=\u00a0\u00bb1.4em\u00a0\u00bb custom_margin=\u00a0\u00bb||||false|false\u00a0\u00bb header_2_font_size_tablet=\u00a0\u00bb35px\u00a0\u00bb header_2_font_size_phone=\u00a0\u00bb25px\u00a0\u00bb header_2_font_size_last_edited=\u00a0\u00bbon|phone\u00a0\u00bb text_orientation_tablet=\u00a0\u00bbcenter\u00a0\u00bb text_orientation_phone=\u00a0\u00bbcenter\u00a0\u00bb text_orientation_last_edited=\u00a0\u00bbon|tablet\u00a0\u00bb global_colors_info=\u00a0\u00bb{}\u00a0\u00bb]<\/p>\n<h2>Notre \u00e9quipe<\/h2>\n<p>[\/et_pb_text][et_pb_text _builder_version=\u00a0\u00bb4.15&Prime; text_font=\u00a0\u00bbOpen Sans||||||||\u00a0\u00bb text_text_color=\u00a0\u00bb#000000&Prime; text_line_height=\u00a0\u00bb2em\u00a0\u00bb header_font=\u00a0\u00bb||||||||\u00a0\u00bb header_2_font=\u00a0\u00bbCantata One||||||||\u00a0\u00bb header_2_font_size=\u00a0\u00bb40px\u00a0\u00bb header_2_line_height=\u00a0\u00bb1.4em\u00a0\u00bb header_2_font_size_tablet=\u00a0\u00bb35px\u00a0\u00bb header_2_font_size_phone=\u00a0\u00bb25px\u00a0\u00bb header_2_font_size_last_edited=\u00a0\u00bbon|phone\u00a0\u00bb text_orientation_tablet=\u00a0\u00bbcenter\u00a0\u00bb text_orientation_phone=\u00a0\u00bbcenter\u00a0\u00bb text_orientation_last_edited=\u00a0\u00bbon|tablet\u00a0\u00bb global_colors_info=\u00a0\u00bb{}\u00a0\u00bb]<\/p>\n<p>Chi-X-Re est un cabinet de conseil en risques alternatifs et en actuariat fond\u00e9 en 2020 par sa pr\u00e9sidente, Carmela Calvosa, citoyenne du monde et actuaire mondiale. Chi-X-Re a \u00e9t\u00e9 lanc\u00e9 \u00e0 l&rsquo;\u00e9poque des confinements, mais son ambition et son objectif de ressourcement actuariel flexible ne sont pas du tout limit\u00e9s par la g\u00e9ographie.<\/p>\n<p>[\/et_pb_text][et_pb_button button_url=\u00a0\u00bb@ET-DC@eyJkeW5hbWljIjp0cnVlLCJjb250ZW50IjoicG9zdF9saW5rX3VybF9wYWdlIiwic2V0dGluZ3MiOnsicG9zdF9pZCI6IjI1NjI0In19@\u00a0\u00bb button_text=\u00a0\u00bbNous contacter\u00a0\u00bb button_alignment=\u00a0\u00bbleft\u00a0\u00bb button_alignment_tablet=\u00a0\u00bbcenter\u00a0\u00bb button_alignment_phone=\u00a0\u00bbcenter\u00a0\u00bb button_alignment_last_edited=\u00a0\u00bbon|tablet\u00a0\u00bb disabled_on=\u00a0\u00bboff|off|off\u00a0\u00bb _builder_version=\u00a0\u00bb4.14.7&Prime; _dynamic_attributes=\u00a0\u00bbbutton_url\u00a0\u00bb button_text_color=\u00a0\u00bb#FFFFFF\u00a0\u00bb button_border_color=\u00a0\u00bbrgba(0,0,0,0)\u00a0\u00bb button_font=\u00a0\u00bb|||on|||||\u00a0\u00bb animation_style=\u00a0\u00bbslide\u00a0\u00bb animation_direction=\u00a0\u00bbbottom\u00a0\u00bb button_text_color_hover=\u00a0\u00bb#ffffff\u00a0\u00bb button_border_color_hover=\u00a0\u00bbrgba(0,0,0,0)\u00a0\u00bb button_border_radius_hover=\u00a0\u00bb100px\u00a0\u00bb button_bg_color_hover=\u00a0\u00bb#0059c3&Prime; locked=\u00a0\u00bboff\u00a0\u00bb global_colors_info=\u00a0\u00bb{}\u00a0\u00bb button_text_size__hover_enabled=\u00a0\u00bboff\u00a0\u00bb button_one_text_size__hover_enabled=\u00a0\u00bboff\u00a0\u00bb button_two_text_size__hover_enabled=\u00a0\u00bboff\u00a0\u00bb button_text_color__hover_enabled=\u00a0\u00bbon\u00a0\u00bb button_text_color__hover=\u00a0\u00bb#ffffff\u00a0\u00bb button_one_text_color__hover_enabled=\u00a0\u00bboff\u00a0\u00bb button_two_text_color__hover_enabled=\u00a0\u00bboff\u00a0\u00bb button_border_width__hover_enabled=\u00a0\u00bboff\u00a0\u00bb button_one_border_width__hover_enabled=\u00a0\u00bboff\u00a0\u00bb button_two_border_width__hover_enabled=\u00a0\u00bboff\u00a0\u00bb button_border_color__hover_enabled=\u00a0\u00bbon\u00a0\u00bb button_border_color__hover=\u00a0\u00bbrgba(0,0,0,0)\u00a0\u00bb button_one_border_color__hover_enabled=\u00a0\u00bboff\u00a0\u00bb button_two_border_color__hover_enabled=\u00a0\u00bboff\u00a0\u00bb button_border_radius__hover_enabled=\u00a0\u00bboff|desktop\u00a0\u00bb button_border_radius__hover=\u00a0\u00bb100px\u00a0\u00bb button_one_border_radius__hover_enabled=\u00a0\u00bboff\u00a0\u00bb button_two_border_radius__hover_enabled=\u00a0\u00bboff\u00a0\u00bb button_letter_spacing__hover_enabled=\u00a0\u00bboff\u00a0\u00bb button_one_letter_spacing__hover_enabled=\u00a0\u00bboff\u00a0\u00bb button_two_letter_spacing__hover_enabled=\u00a0\u00bboff\u00a0\u00bb button_bg_color__hover_enabled=\u00a0\u00bbon|desktop\u00a0\u00bb button_bg_color__hover=\u00a0\u00bb#119988&Prime; button_one_bg_color__hover_enabled=\u00a0\u00bboff\u00a0\u00bb button_two_bg_color__hover_enabled=\u00a0\u00bboff\u00a0\u00bb][\/et_pb_button][\/et_pb_column][et_pb_column type=\u00a0\u00bb1_3&Prime; _builder_version=\u00a0\u00bb4.15&Prime; custom_padding=\u00a0\u00bb|||\u00a0\u00bb global_colors_info=\u00a0\u00bb{}\u00a0\u00bb custom_padding__hover=\u00a0\u00bb|||\u00a0\u00bb][et_pb_image src=\u00a0\u00bbhttps:\/\/www.chi-x-re.com\/wp-content\/uploads\/2022\/02\/Carmela-Calviosa.jpg\u00a0\u00bb title_text=\u00a0\u00bbCarmela Calviosa\u00a0\u00bb align_tablet=\u00a0\u00bbcenter\u00a0\u00bb align_phone=\u00a0\u00bbcenter\u00a0\u00bb align_last_edited=\u00a0\u00bbon|desktop\u00a0\u00bb _builder_version=\u00a0\u00bb4.15&Prime; background_enable_image=\u00a0\u00bboff\u00a0\u00bb parallax=\u00a0\u00bbon\u00a0\u00bb min_height=\u00a0\u00bb250px\u00a0\u00bb height=\u00a0\u00bb250px\u00a0\u00bb custom_margin=\u00a0\u00bb|||\u00a0\u00bb custom_padding=\u00a0\u00bb||||false|false\u00a0\u00bb border_radii=\u00a0\u00bb|10vw|10vw|10vw|\u00a0\u00bb global_colors_info=\u00a0\u00bb{}\u00a0\u00bb][\/et_pb_image][\/et_pb_column][\/et_pb_row][\/et_pb_section]<\/p>\n","protected":false},"excerpt":{"rendered":"<p>Nous partageons de temps \u00e0 autre notre contenu, nos vid\u00e9os et nos articles, ainsi que les blogs et le contenu de certains de nos partenaires sur divers sujets li\u00e9s aux risques et \u00e0 la gestion des risques.Voir ci-dessous pour en savoir plus. &nbsp;Notre \u00e9quipeChi-X-Re est un cabinet de conseil en risques alternatifs et en actuariat [&hellip;]<\/p>\n","protected":false},"author":1,"featured_media":0,"parent":0,"menu_order":0,"comment_status":"closed","ping_status":"closed","template":"","meta":{"_et_pb_use_builder":"on","_et_pb_old_content":"","_et_gb_content_width":"","footnotes":""},"class_list":["post-26697","page","type-page","status-publish","hentry"],"yoast_head":"<!-- This site is optimized with the Yoast SEO plugin v25.4 - https:\/\/yoast.com\/wordpress\/plugins\/seo\/ -->\n<title>Points de vue d&#039;experts sur le risque et le conseil actuariel - Blog - Chi-X-Re<\/title>\n<meta name=\"description\" content=\"Plongez dans le blog de Chi-X-Re pour obtenir des informations de pointe sur le risque et le conseil actuariel d&#039;un point de vue international.\" \/>\n<meta name=\"robots\" content=\"index, follow, max-snippet:-1, max-image-preview:large, max-video-preview:-1\" \/>\n<link rel=\"canonical\" href=\"https:\/\/www.chi-x-re.com\/fr\/blog\/\" \/>\n<meta property=\"og:locale\" content=\"fr_FR\" \/>\n<meta property=\"og:type\" content=\"article\" \/>\n<meta property=\"og:title\" content=\"Points de vue d&#039;experts sur le risque et le conseil actuariel - Blog - Chi-X-Re\" \/>\n<meta property=\"og:description\" content=\"Plongez dans le blog de Chi-X-Re pour obtenir des informations de pointe sur le risque et le conseil actuariel d&#039;un point de vue international.\" \/>\n<meta property=\"og:url\" content=\"https:\/\/www.chi-x-re.com\/fr\/blog\/\" \/>\n<meta property=\"og:site_name\" content=\"An actuarial consultancy with a difference.\" \/>\n<meta property=\"article:modified_time\" content=\"2023-06-27T13:12:08+00:00\" \/>\n<meta name=\"twitter:card\" content=\"summary_large_image\" \/>\n<meta name=\"twitter:label1\" content=\"Dur\u00e9e de lecture estim\u00e9e\" \/>\n\t<meta name=\"twitter:data1\" content=\"6 minutes\" \/>\n<script type=\"application\/ld+json\" class=\"yoast-schema-graph\">{\"@context\":\"https:\/\/schema.org\",\"@graph\":[{\"@type\":\"WebPage\",\"@id\":\"https:\/\/www.chi-x-re.com\/fr\/blog\/\",\"url\":\"https:\/\/www.chi-x-re.com\/fr\/blog\/\",\"name\":\"Points de vue d'experts sur le risque et le conseil actuariel - Blog - Chi-X-Re\",\"isPartOf\":{\"@id\":\"https:\/\/www.chi-x-re.com\/fr\/#website\"},\"datePublished\":\"2022-02-16T22:45:27+00:00\",\"dateModified\":\"2023-06-27T13:12:08+00:00\",\"description\":\"Plongez dans le blog de Chi-X-Re pour obtenir des informations de pointe sur le risque et le conseil actuariel d'un point de vue international.\",\"breadcrumb\":{\"@id\":\"https:\/\/www.chi-x-re.com\/fr\/blog\/#breadcrumb\"},\"inLanguage\":\"fr-FR\",\"potentialAction\":[{\"@type\":\"ReadAction\",\"target\":[\"https:\/\/www.chi-x-re.com\/fr\/blog\/\"]}]},{\"@type\":\"BreadcrumbList\",\"@id\":\"https:\/\/www.chi-x-re.com\/fr\/blog\/#breadcrumb\",\"itemListElement\":[{\"@type\":\"ListItem\",\"position\":1,\"name\":\"Home\",\"item\":\"https:\/\/www.chi-x-re.com\/fr\/accueil\/\"},{\"@type\":\"ListItem\",\"position\":2,\"name\":\"Blog\"}]},{\"@type\":\"WebSite\",\"@id\":\"https:\/\/www.chi-x-re.com\/fr\/#website\",\"url\":\"https:\/\/www.chi-x-re.com\/fr\/\",\"name\":\"An actuarial consultancy with a difference.\",\"description\":\"Chi-X-Re is an alternative risk and actuarial consultancy.\",\"publisher\":{\"@id\":\"https:\/\/www.chi-x-re.com\/fr\/#organization\"},\"potentialAction\":[{\"@type\":\"SearchAction\",\"target\":{\"@type\":\"EntryPoint\",\"urlTemplate\":\"https:\/\/www.chi-x-re.com\/fr\/?s={search_term_string}\"},\"query-input\":{\"@type\":\"PropertyValueSpecification\",\"valueRequired\":true,\"valueName\":\"search_term_string\"}}],\"inLanguage\":\"fr-FR\"},{\"@type\":\"Organization\",\"@id\":\"https:\/\/www.chi-x-re.com\/fr\/#organization\",\"name\":\"Chi-X-Re\",\"url\":\"https:\/\/www.chi-x-re.com\/fr\/\",\"logo\":{\"@type\":\"ImageObject\",\"inLanguage\":\"fr-FR\",\"@id\":\"https:\/\/www.chi-x-re.com\/fr\/#\/schema\/logo\/image\/\",\"url\":\"https:\/\/www.chi-x-re.com\/wp-content\/uploads\/2022\/01\/Chi-X-Re-Icon.png\",\"contentUrl\":\"https:\/\/www.chi-x-re.com\/wp-content\/uploads\/2022\/01\/Chi-X-Re-Icon.png\",\"width\":512,\"height\":512,\"caption\":\"Chi-X-Re\"},\"image\":{\"@id\":\"https:\/\/www.chi-x-re.com\/fr\/#\/schema\/logo\/image\/\"}}]}<\/script>\n<!-- \/ Yoast SEO plugin. -->","yoast_head_json":{"title":"Points de vue d'experts sur le risque et le conseil actuariel - Blog - Chi-X-Re","description":"Plongez dans le blog de Chi-X-Re pour obtenir des informations de pointe sur le risque et le conseil actuariel d'un point de vue international.","robots":{"index":"index","follow":"follow","max-snippet":"max-snippet:-1","max-image-preview":"max-image-preview:large","max-video-preview":"max-video-preview:-1"},"canonical":"https:\/\/www.chi-x-re.com\/fr\/blog\/","og_locale":"fr_FR","og_type":"article","og_title":"Points de vue d'experts sur le risque et le conseil actuariel - Blog - Chi-X-Re","og_description":"Plongez dans le blog de Chi-X-Re pour obtenir des informations de pointe sur le risque et le conseil actuariel d'un point de vue international.","og_url":"https:\/\/www.chi-x-re.com\/fr\/blog\/","og_site_name":"An actuarial consultancy with a difference.","article_modified_time":"2023-06-27T13:12:08+00:00","twitter_card":"summary_large_image","twitter_misc":{"Dur\u00e9e de lecture estim\u00e9e":"6 minutes"},"schema":{"@context":"https:\/\/schema.org","@graph":[{"@type":"WebPage","@id":"https:\/\/www.chi-x-re.com\/fr\/blog\/","url":"https:\/\/www.chi-x-re.com\/fr\/blog\/","name":"Points de vue d'experts sur le risque et le conseil actuariel - Blog - Chi-X-Re","isPartOf":{"@id":"https:\/\/www.chi-x-re.com\/fr\/#website"},"datePublished":"2022-02-16T22:45:27+00:00","dateModified":"2023-06-27T13:12:08+00:00","description":"Plongez dans le blog de Chi-X-Re pour obtenir des informations de pointe sur le risque et le conseil actuariel d'un point de vue international.","breadcrumb":{"@id":"https:\/\/www.chi-x-re.com\/fr\/blog\/#breadcrumb"},"inLanguage":"fr-FR","potentialAction":[{"@type":"ReadAction","target":["https:\/\/www.chi-x-re.com\/fr\/blog\/"]}]},{"@type":"BreadcrumbList","@id":"https:\/\/www.chi-x-re.com\/fr\/blog\/#breadcrumb","itemListElement":[{"@type":"ListItem","position":1,"name":"Home","item":"https:\/\/www.chi-x-re.com\/fr\/accueil\/"},{"@type":"ListItem","position":2,"name":"Blog"}]},{"@type":"WebSite","@id":"https:\/\/www.chi-x-re.com\/fr\/#website","url":"https:\/\/www.chi-x-re.com\/fr\/","name":"An actuarial consultancy with a difference.","description":"Chi-X-Re is an alternative risk and actuarial consultancy.","publisher":{"@id":"https:\/\/www.chi-x-re.com\/fr\/#organization"},"potentialAction":[{"@type":"SearchAction","target":{"@type":"EntryPoint","urlTemplate":"https:\/\/www.chi-x-re.com\/fr\/?s={search_term_string}"},"query-input":{"@type":"PropertyValueSpecification","valueRequired":true,"valueName":"search_term_string"}}],"inLanguage":"fr-FR"},{"@type":"Organization","@id":"https:\/\/www.chi-x-re.com\/fr\/#organization","name":"Chi-X-Re","url":"https:\/\/www.chi-x-re.com\/fr\/","logo":{"@type":"ImageObject","inLanguage":"fr-FR","@id":"https:\/\/www.chi-x-re.com\/fr\/#\/schema\/logo\/image\/","url":"https:\/\/www.chi-x-re.com\/wp-content\/uploads\/2022\/01\/Chi-X-Re-Icon.png","contentUrl":"https:\/\/www.chi-x-re.com\/wp-content\/uploads\/2022\/01\/Chi-X-Re-Icon.png","width":512,"height":512,"caption":"Chi-X-Re"},"image":{"@id":"https:\/\/www.chi-x-re.com\/fr\/#\/schema\/logo\/image\/"}}]}},"_links":{"self":[{"href":"https:\/\/www.chi-x-re.com\/fr\/wp-json\/wp\/v2\/pages\/26697","targetHints":{"allow":["GET"]}}],"collection":[{"href":"https:\/\/www.chi-x-re.com\/fr\/wp-json\/wp\/v2\/pages"}],"about":[{"href":"https:\/\/www.chi-x-re.com\/fr\/wp-json\/wp\/v2\/types\/page"}],"author":[{"embeddable":true,"href":"https:\/\/www.chi-x-re.com\/fr\/wp-json\/wp\/v2\/users\/1"}],"replies":[{"embeddable":true,"href":"https:\/\/www.chi-x-re.com\/fr\/wp-json\/wp\/v2\/comments?post=26697"}],"version-history":[{"count":0,"href":"https:\/\/www.chi-x-re.com\/fr\/wp-json\/wp\/v2\/pages\/26697\/revisions"}],"wp:attachment":[{"href":"https:\/\/www.chi-x-re.com\/fr\/wp-json\/wp\/v2\/media?parent=26697"}],"curies":[{"name":"wp","href":"https:\/\/api.w.org\/{rel}","templated":true}]}}